{"id":2018,"date":"2023-03-02T16:59:27","date_gmt":"2023-03-02T15:59:27","guid":{"rendered":"https:\/\/sandcity.de\/impressum\/"},"modified":"2024-05-10T17:14:48","modified_gmt":"2024-05-10T15:14:48","slug":"legal-details","status":"publish","type":"page","link":"https:\/\/sandcity.de\/en\/legal-details\/","title":{"rendered":"Legal details"},"content":{"rendered":"<h1>Legal details (only available in German)<\/h1>\n<p>Benno Lindel<br \/>\nLINDEL:GALLERIA (Einzelunternehmer)<br \/>\nAm S\u00fcdfelde 22<br \/>\nD-31311 Uetze<\/p>\n<h3>Kontakt:<\/h3>\n<p>Telefon: +49 (0) 5173 517 29 22<br \/>\nE-Mail: mail@sandcity.de<\/p>\n<h3>Umsatzsteuer:<\/h3>\n<p>Umsatzsteuer- Identifikationsnummer gem\u00e4\u00df \u00a727 a Umsatzsteuergesetz:<br \/>\nDE 119207004<\/p>\n<h3>Das Impressum gilt auch f\u00fcr folgende Onlinepr\u00e4senzen:<\/h3>\n<p>Facebook:\u00a0https:\/\/www.facebook.com\/sandcity.de\/<br \/>\nInstagram:\u00a0https:\/\/www.instagram.com\/sandcity.de\/<br \/>\nVimeo:\u00a0https:\/\/vimeo.com\/sandcity<br \/>\nYouTube: https:\/\/www.youtube.com\/channel\/UCsMhDzWTkzIop3CYO6kU43A?<br \/>\nPinterest: https:\/\/www.pinterest.de\/sandcityde\/<br \/>\nGoogle+:\u00a0https:\/\/plus.google.com\/+SandcityDe<br \/>\nhttp:\/\/sandcity.de\/LG-Sites<br \/>\nhttp:\/\/lindel-galleria.de\/LG-Sites<br \/>\nhttp:\/\/lindelgalleriapr.de<br \/>\nhttp:\/\/galleriapr.de<\/p>\n<blockquote class=\"wp-embedded-content\" data-secret=\"iSeylT2Fkd\"><p><a href=\"https:\/\/icecatcher.com\/\">Eisskulpturen &#8211; Live carving &#8211; Eisbahnen: Magische Events<\/a><\/p><\/blockquote>\n<p><iframe loading=\"lazy\" class=\"wp-embedded-content\" sandbox=\"allow-scripts\" security=\"restricted\" style=\"position: absolute; visibility: hidden;\" title=\"&#8222;Eisskulpturen &#8211; Live carving &#8211; Eisbahnen: Magische Events&#8220; &#8212; icecatcher\" src=\"https:\/\/icecatcher.com\/embed\/#?secret=Me8p2Ib7og#?secret=iSeylT2Fkd\" data-secret=\"iSeylT2Fkd\" width=\"600\" height=\"338\" frameborder=\"0\" marginwidth=\"0\" marginheight=\"0\" scrolling=\"no\"><\/iframe><\/p>\n<blockquote class=\"wp-embedded-content\" data-secret=\"2gel1HBuUK\"><p><a href=\"http:\/\/cardstacker.de\/en\/\">Cardstacking &#8211; The art of stacking a house of cards<\/a><\/p><\/blockquote>\n<p><iframe loading=\"lazy\" class=\"wp-embedded-content\" sandbox=\"allow-scripts\" security=\"restricted\" style=\"position: absolute; visibility: hidden;\" title=\"&#8220;Cardstacking &#8211; The art of stacking a house of cards&#8221; &#8212; cardstacker\" src=\"http:\/\/cardstacker.de\/en\/embed\/#?secret=BhDDQCj0gN#?secret=2gel1HBuUK\" data-secret=\"2gel1HBuUK\" width=\"600\" height=\"338\" frameborder=\"0\" marginwidth=\"0\" marginheight=\"0\" scrolling=\"no\"><\/iframe><br \/>\nhttp:\/\/wisci.de<br \/>\nhttp:\/\/zukunftsladen.de<\/p>\n<h3>Angaben zur Berufshaftpflichtversicherung<\/h3>\n<p>R+V Allgemeine Versicherung AG<br \/>\nVoltastra\u00dfe 84<br \/>\n60486 Frankfurt<\/p>\n<h3>Streitschlichtung<\/h3>\n<p>Wir sind nicht bereit oder verpflichtet, an Streitbeilegungsverfahren vor einer Verbraucherschlichtungsstelle teilzunehmen.<\/p>\n<h3>Haftung f\u00fcr Inhalte<\/h3>\n<p>Als Diensteanbieter sind wir gem\u00e4\u00df \u00a7 7 Abs.1 TMG f\u00fcr eigene Inhalte auf diesen Seiten nach den allgemeinen Gesetzen verantwortlich. Nach \u00a7\u00a7 8 bis 10 TMG sind wir als Diensteanbieter jedoch nicht verpflichtet, \u00fcbermittelte oder gespeicherte fremde Informationen zu \u00fcberwachen oder nach Umst\u00e4nden zu forschen, die auf eine rechtswidrige T\u00e4tigkeit hinweisen.<\/p>\n<p>Verpflichtungen zur Entfernung oder Sperrung der Nutzung von Informationen nach den allgemeinen Gesetzen bleiben hiervon unber\u00fchrt. Eine diesbez\u00fcgliche Haftung ist jedoch erst ab dem Zeitpunkt der Kenntnis einer konkreten Rechtsverletzung m\u00f6glich. Bei Bekanntwerden von entsprechenden Rechtsverletzungen werden wir diese Inhalte umgehend entfernen.<\/p>\n<h3>Haftung f\u00fcr Links<\/h3>\n<p>Unser Angebot enth\u00e4lt Links zu externen Websites Dritter, auf deren Inhalte wir keinen Einfluss haben. Deshalb k\u00f6nnen wir f\u00fcr diese fremden Inhalte auch keine Gew\u00e4hr \u00fcbernehmen. F\u00fcr die Inhalte der verlinkten Seiten ist stets der jeweilige Anbieter oder Betreiber der Seiten verantwortlich. Die verlinkten Seiten wurden zum Zeitpunkt der Verlinkung auf m\u00f6gliche Rechtsverst\u00f6\u00dfe \u00fcberpr\u00fcft. Rechtswidrige Inhalte waren zum Zeitpunkt der Verlinkung nicht erkennbar.<\/p>\n<p>Eine permanente inhaltliche Kontrolle der verlinkten Seiten ist jedoch ohne konkrete Anhaltspunkte einer Rechtsverletzung nicht zumutbar. Bei Bekanntwerden von Rechtsverletzungen werden wir derartige Links umgehend entfernen.<\/p>\n<h3>Urheberrecht<\/h3>\n<p>Die durch die Seitenbetreiber erstellten Inhalte und Werke auf diesen Seiten unterliegen dem deutschen Urheberrecht. Die Vervielf\u00e4ltigung, Bearbeitung, Verbreitung und jede Art der Verwertung au\u00dferhalb der Grenzen des Urheberrechtes bed\u00fcrfen der schriftlichen Zustimmung des jeweiligen Autors bzw. Erstellers. Downloads und Kopien dieser Seite sind nur f\u00fcr den privaten, nicht kommerziellen Gebrauch gestattet.<\/p>\n<p>Soweit die Inhalte auf dieser Seite nicht vom Betreiber erstellt wurden, werden die Urheberrechte Dritter beachtet. Insbesondere werden Inhalte Dritter als solche gekennzeichnet. Sollten Sie trotzdem auf eine Urheberrechtsverletzung aufmerksam werden, bitten wir um einen entsprechenden Hinweis. Bei Bekanntwerden von Rechtsverletzungen werden wir derartige Inhalte umgehend entfernen.<\/p>\n<p>Quelle: <a href=\"https:\/\/www.e-recht24.de\/\" target=\"_blank\" rel=\"noopener\">e-recht24.de<\/a><\/p>\n","protected":false},"excerpt":{"rendered":"<p>Legal details (only available in German) Benno Lindel LINDEL:GALLERIA (Einzelunternehmer) Am S\u00fcdfelde 22 D-31311 Uetze Kontakt: Telefon: +49 (0) 5173 517 29 22 E-Mail: mail@sandcity.de Umsatzsteuer: Umsatzsteuer- Identifikationsnummer gem\u00e4\u00df \u00a727 a Umsatzsteuergesetz: DE 119207004 Das Impressum gilt auch f\u00fcr folgende [&hellip;]<\/p>\n","protected":false},"author":1,"featured_media":0,"parent":0,"menu_order":61,"comment_status":"closed","ping_status":"closed","template":"","meta":{"footnotes":""},"class_list":["post-2018","page","type-page","status-publish","hentry","post"],"yoast_head":"<!-- This site is optimized with the Yoast SEO plugin v27.2 - https:\/\/yoast.com\/product\/yoast-seo-wordpress\/ -->\n<title>Legal details - sandcity<\/title>\n<meta name=\"description\" content=\"Legal details: sandcity by LINDEL:GALLERIA\" \/>\n<meta name=\"robots\" content=\"index, follow, max-snippet:-1, max-image-preview:large, max-video-preview:-1\" \/>\n<link rel=\"canonical\" href=\"https:\/\/sandcity.de\/en\/legal-details\/\" \/>\n<meta property=\"og:locale\" content=\"en_US\" \/>\n<meta property=\"og:type\" content=\"article\" \/>\n<meta property=\"og:title\" content=\"Legal details - sandcity\" \/>\n<meta property=\"og:description\" content=\"Legal details: sandcity by LINDEL:GALLERIA\" \/>\n<meta property=\"og:url\" content=\"https:\/\/sandcity.de\/en\/legal-details\/\" \/>\n<meta property=\"og:site_name\" content=\"sandcity\" \/>\n<meta property=\"article:publisher\" content=\"https:\/\/www.facebook.com\/sandcity.de\" \/>\n<meta property=\"article:modified_time\" content=\"2024-05-10T15:14:48+00:00\" \/>\n<meta name=\"twitter:card\" content=\"summary_large_image\" \/>\n<meta name=\"twitter:label1\" content=\"Est. reading time\" \/>\n\t<meta name=\"twitter:data1\" content=\"2 minutes\" \/>\n<script type=\"application\/ld+json\" class=\"yoast-schema-graph\">{\"@context\":\"https:\/\/schema.org\",\"@graph\":[{\"@type\":\"WebPage\",\"@id\":\"https:\/\/sandcity.de\/en\/legal-details\/\",\"url\":\"https:\/\/sandcity.de\/en\/legal-details\/\",\"name\":\"Legal details - sandcity\",\"isPartOf\":{\"@id\":\"https:\/\/sandcity.de\/en\/#website\"},\"datePublished\":\"2023-03-02T15:59:27+00:00\",\"dateModified\":\"2024-05-10T15:14:48+00:00\",\"description\":\"Legal details: sandcity by LINDEL:GALLERIA\",\"breadcrumb\":{\"@id\":\"https:\/\/sandcity.de\/en\/legal-details\/#breadcrumb\"},\"inLanguage\":\"en-US\",\"potentialAction\":[{\"@type\":\"ReadAction\",\"target\":[\"https:\/\/sandcity.de\/en\/legal-details\/\"]}]},{\"@type\":\"BreadcrumbList\",\"@id\":\"https:\/\/sandcity.de\/en\/legal-details\/#breadcrumb\",\"itemListElement\":[{\"@type\":\"ListItem\",\"position\":1,\"name\":\"Startseite\",\"item\":\"https:\/\/sandcity.de\/en\/\"},{\"@type\":\"ListItem\",\"position\":2,\"name\":\"Legal details\"}]},{\"@type\":\"WebSite\",\"@id\":\"https:\/\/sandcity.de\/en\/#website\",\"url\":\"https:\/\/sandcity.de\/en\/\",\"name\":\"sandcity\",\"description\":\"Sandskulpturen: Weltweit ein Publikumsmagnet\",\"publisher\":{\"@id\":\"https:\/\/sandcity.de\/en\/#organization\"},\"potentialAction\":[{\"@type\":\"SearchAction\",\"target\":{\"@type\":\"EntryPoint\",\"urlTemplate\":\"https:\/\/sandcity.de\/en\/?s={search_term_string}\"},\"query-input\":{\"@type\":\"PropertyValueSpecification\",\"valueRequired\":true,\"valueName\":\"search_term_string\"}}],\"inLanguage\":\"en-US\"},{\"@type\":\"Organization\",\"@id\":\"https:\/\/sandcity.de\/en\/#organization\",\"name\":\"sandcity\",\"url\":\"https:\/\/sandcity.de\/en\/\",\"logo\":{\"@type\":\"ImageObject\",\"inLanguage\":\"en-US\",\"@id\":\"https:\/\/sandcity.de\/en\/#\/schema\/logo\/image\/\",\"url\":\"https:\/\/sandcity.de\/wp-content\/uploads\/sites\/2\/2023\/02\/logo_sandcity_150_regular-1.png\",\"contentUrl\":\"https:\/\/sandcity.de\/wp-content\/uploads\/sites\/2\/2023\/02\/logo_sandcity_150_regular-1.png\",\"width\":139,\"height\":28,\"caption\":\"sandcity\"},\"image\":{\"@id\":\"https:\/\/sandcity.de\/en\/#\/schema\/logo\/image\/\"},\"sameAs\":[\"https:\/\/www.facebook.com\/sandcity.de\",\"https:\/\/www.instagram.com\/sandcity.de\/\"]}]}<\/script>\n<!-- \/ Yoast SEO plugin. -->","yoast_head_json":{"title":"Legal details - sandcity","description":"Legal details: sandcity by LINDEL:GALLERIA","robots":{"index":"index","follow":"follow","max-snippet":"max-snippet:-1","max-image-preview":"max-image-preview:large","max-video-preview":"max-video-preview:-1"},"canonical":"https:\/\/sandcity.de\/en\/legal-details\/","og_locale":"en_US","og_type":"article","og_title":"Legal details - sandcity","og_description":"Legal details: sandcity by LINDEL:GALLERIA","og_url":"https:\/\/sandcity.de\/en\/legal-details\/","og_site_name":"sandcity","article_publisher":"https:\/\/www.facebook.com\/sandcity.de","article_modified_time":"2024-05-10T15:14:48+00:00","twitter_card":"summary_large_image","twitter_misc":{"Est. reading time":"2 minutes"},"schema":{"@context":"https:\/\/schema.org","@graph":[{"@type":"WebPage","@id":"https:\/\/sandcity.de\/en\/legal-details\/","url":"https:\/\/sandcity.de\/en\/legal-details\/","name":"Legal details - sandcity","isPartOf":{"@id":"https:\/\/sandcity.de\/en\/#website"},"datePublished":"2023-03-02T15:59:27+00:00","dateModified":"2024-05-10T15:14:48+00:00","description":"Legal details: sandcity by LINDEL:GALLERIA","breadcrumb":{"@id":"https:\/\/sandcity.de\/en\/legal-details\/#breadcrumb"},"inLanguage":"en-US","potentialAction":[{"@type":"ReadAction","target":["https:\/\/sandcity.de\/en\/legal-details\/"]}]},{"@type":"BreadcrumbList","@id":"https:\/\/sandcity.de\/en\/legal-details\/#breadcrumb","itemListElement":[{"@type":"ListItem","position":1,"name":"Startseite","item":"https:\/\/sandcity.de\/en\/"},{"@type":"ListItem","position":2,"name":"Legal details"}]},{"@type":"WebSite","@id":"https:\/\/sandcity.de\/en\/#website","url":"https:\/\/sandcity.de\/en\/","name":"sandcity","description":"Sandskulpturen: Weltweit ein Publikumsmagnet","publisher":{"@id":"https:\/\/sandcity.de\/en\/#organization"},"potentialAction":[{"@type":"SearchAction","target":{"@type":"EntryPoint","urlTemplate":"https:\/\/sandcity.de\/en\/?s={search_term_string}"},"query-input":{"@type":"PropertyValueSpecification","valueRequired":true,"valueName":"search_term_string"}}],"inLanguage":"en-US"},{"@type":"Organization","@id":"https:\/\/sandcity.de\/en\/#organization","name":"sandcity","url":"https:\/\/sandcity.de\/en\/","logo":{"@type":"ImageObject","inLanguage":"en-US","@id":"https:\/\/sandcity.de\/en\/#\/schema\/logo\/image\/","url":"https:\/\/sandcity.de\/wp-content\/uploads\/sites\/2\/2023\/02\/logo_sandcity_150_regular-1.png","contentUrl":"https:\/\/sandcity.de\/wp-content\/uploads\/sites\/2\/2023\/02\/logo_sandcity_150_regular-1.png","width":139,"height":28,"caption":"sandcity"},"image":{"@id":"https:\/\/sandcity.de\/en\/#\/schema\/logo\/image\/"},"sameAs":["https:\/\/www.facebook.com\/sandcity.de","https:\/\/www.instagram.com\/sandcity.de\/"]}]}},"_links":{"self":[{"href":"https:\/\/sandcity.de\/en\/wp-json\/wp\/v2\/pages\/2018","targetHints":{"allow":["GET"]}}],"collection":[{"href":"https:\/\/sandcity.de\/en\/wp-json\/wp\/v2\/pages"}],"about":[{"href":"https:\/\/sandcity.de\/en\/wp-json\/wp\/v2\/types\/page"}],"author":[{"embeddable":true,"href":"https:\/\/sandcity.de\/en\/wp-json\/wp\/v2\/users\/1"}],"replies":[{"embeddable":true,"href":"https:\/\/sandcity.de\/en\/wp-json\/wp\/v2\/comments?post=2018"}],"version-history":[{"count":2,"href":"https:\/\/sandcity.de\/en\/wp-json\/wp\/v2\/pages\/2018\/revisions"}],"predecessor-version":[{"id":2203,"href":"https:\/\/sandcity.de\/en\/wp-json\/wp\/v2\/pages\/2018\/revisions\/2203"}],"wp:attachment":[{"href":"https:\/\/sandcity.de\/en\/wp-json\/wp\/v2\/media?parent=2018"}],"curies":[{"name":"wp","href":"https:\/\/api.w.org\/{rel}","templated":true}]}}